{"id":1638,"date":"2022-02-24T15:25:25","date_gmt":"2022-02-24T18:25:25","guid":{"rendered":"https:\/\/orquidariomv.com.br\/novo\/?page_id=1638"},"modified":"2025-11-14T15:53:25","modified_gmt":"2025-11-14T18:53:25","slug":"acessorios","status":"publish","type":"page","link":"https:\/\/orquidariomv.com.br\/novo\/acessorios\/","title":{"rendered":"Acess\u00f3rios"},"content":{"rendered":"\t\t<div data-elementor-type=\"wp-page\" data-elementor-id=\"1638\" class=\"elementor elementor-1638\">\n\t\t\t\t\t\t<section class=\"elementor-section elementor-top-section elementor-element elementor-element-2c7f0cd elementor-section-boxed elementor-section-height-default elementor-section-height-default\" data-id=\"2c7f0cd\" data-element_type=\"section\" data-e-type=\"section\">\n\t\t\t\t\t\t<div class=\"elementor-container elementor-column-gap-default\">\n\t\t\t\t\t<div class=\"elementor-column elementor-col-100 elementor-top-column elementor-element elementor-element-c92633c\" data-id=\"c92633c\" data-element_type=\"column\" data-e-type=\"column\">\n\t\t\t<div class=\"elementor-widget-wrap elementor-element-populated\">\n\t\t\t\t\t\t<div class=\"elementor-element elementor-element-3ca209b elementor-widget elementor-widget-text-editor\" data-id=\"3ca209b\" data-element_type=\"widget\" data-e-type=\"widget\" data-widget_type=\"text-editor.default\">\n\t\t\t\t<div class=\"elementor-widget-container\">\n\t\t\t\t\t\t\t\t\t<p>Temos acess\u00f3rios, adubos, substratos, etc., para facilitar o plantio e manuten\u00e7\u00e3o de suas plantas.<\/p>\t\t\t\t\t\t\t\t<\/div>\n\t\t\t\t<\/div>\n\t\t\t\t\t<\/div>\n\t\t<\/div>\n\t\t\t\t\t<\/div>\n\t\t<\/section>\n\t\t\t\t<section class=\"elementor-section elementor-top-section elementor-element elementor-element-2f07b47 elementor-section-boxed elementor-section-height-default elementor-section-height-default\" data-id=\"2f07b47\" data-element_type=\"section\" data-e-type=\"section\">\n\t\t\t\t\t\t<div class=\"elementor-container elementor-column-gap-default\">\n\t\t\t\t\t<div class=\"elementor-column elementor-col-100 elementor-top-column elementor-element elementor-element-940efd0\" data-id=\"940efd0\" data-element_type=\"column\" data-e-type=\"column\">\n\t\t\t<div class=\"elementor-widget-wrap elementor-element-populated\">\n\t\t\t\t\t\t<div class=\"elementor-element elementor-element-926176f elementor-widget elementor-widget-heading\" data-id=\"926176f\" data-element_type=\"widget\" data-e-type=\"widget\" data-widget_type=\"heading.default\">\n\t\t\t\t<div class=\"elementor-widget-container\">\n\t\t\t\t\t<h2 class=\"elementor-heading-title elementor-size-default\">Adubos<\/h2>\t\t\t\t<\/div>\n\t\t\t\t<\/div>\n\t\t\t\t\t<\/div>\n\t\t<\/div>\n\t\t\t\t\t<\/div>\n\t\t<\/section>\n\t\t\t\t<section class=\"elementor-section elementor-top-section elementor-element elementor-element-f684aa8 elementor-section-boxed elementor-section-height-default elementor-section-height-default\" data-id=\"f684aa8\" data-element_type=\"section\" data-e-type=\"section\" data-settings=\"{&quot;background_background&quot;:&quot;classic&quot;}\">\n\t\t\t\t\t\t<div class=\"elementor-container elementor-column-gap-default\">\n\t\t\t\t\t<div class=\"elementor-column elementor-col-50 elementor-top-column elementor-element elementor-element-d621480\" data-id=\"d621480\" data-element_type=\"column\" data-e-type=\"column\">\n\t\t\t<div class=\"elementor-widget-wrap elementor-element-populated\">\n\t\t\t\t\t\t<div class=\"elementor-element elementor-element-c96f074 elementor-widget elementor-widget-heading\" data-id=\"c96f074\" data-element_type=\"widget\" data-e-type=\"widget\" data-widget_type=\"heading.default\">\n\t\t\t\t<div class=\"elementor-widget-container\">\n\t\t\t\t\t<h4 class=\"elementor-heading-title elementor-size-default\">Adubo de flora\u00e7\u00e3o<\/h4>\t\t\t\t<\/div>\n\t\t\t\t<\/div>\n\t\t\t\t<div class=\"elementor-element elementor-element-1d53b2e elementor-widget elementor-widget-image\" data-id=\"1d53b2e\" data-element_type=\"widget\" data-e-type=\"widget\" data-widget_type=\"image.default\">\n\t\t\t\t<div class=\"elementor-widget-container\">\n\t\t\t\t\t\t\t\t\t\t\t\t\t\t\t<img fetchpriority=\"high\" decoding=\"async\" width=\"300\" height=\"300\" src=\"https:\/\/orquidariomv.com.br\/novo\/wp-content\/uploads\/2025\/11\/adubo-de-floracao-300x300.webp\" class=\"attachment-medium size-medium wp-image-2488\" alt=\"adubo de flora\u00e7\u00e3o para orqu\u00eddeas\" srcset=\"https:\/\/orquidariomv.com.br\/novo\/wp-content\/uploads\/2025\/11\/adubo-de-floracao-300x300.webp 300w, https:\/\/orquidariomv.com.br\/novo\/wp-content\/uploads\/2025\/11\/adubo-de-floracao-150x150.webp 150w, https:\/\/orquidariomv.com.br\/novo\/wp-content\/uploads\/2025\/11\/adubo-de-floracao.webp 500w\" sizes=\"(max-width: 300px) 100vw, 300px\" \/>\t\t\t\t\t\t\t\t\t\t\t\t\t\t\t<\/div>\n\t\t\t\t<\/div>\n\t\t\t\t\t<\/div>\n\t\t<\/div>\n\t\t\t\t<div class=\"elementor-column elementor-col-50 elementor-top-column elementor-element elementor-element-1d77866\" data-id=\"1d77866\" data-element_type=\"column\" data-e-type=\"column\">\n\t\t\t<div class=\"elementor-widget-wrap elementor-element-populated\">\n\t\t\t\t\t\t<div class=\"elementor-element elementor-element-043b719 elementor-widget elementor-widget-heading\" data-id=\"043b719\" data-element_type=\"widget\" data-e-type=\"widget\" data-widget_type=\"heading.default\">\n\t\t\t\t<div class=\"elementor-widget-container\">\n\t\t\t\t\t<h4 class=\"elementor-heading-title elementor-size-default\">Adubo de manuten\u00e7\u00e3o<\/h4>\t\t\t\t<\/div>\n\t\t\t\t<\/div>\n\t\t\t\t<div class=\"elementor-element elementor-element-1af74d2 elementor-widget elementor-widget-image\" data-id=\"1af74d2\" data-element_type=\"widget\" data-e-type=\"widget\" data-widget_type=\"image.default\">\n\t\t\t\t<div class=\"elementor-widget-container\">\n\t\t\t\t\t\t\t\t\t\t\t\t\t\t\t<img decoding=\"async\" width=\"300\" height=\"300\" data-src=\"https:\/\/orquidariomv.com.br\/novo\/wp-content\/uploads\/2025\/11\/adubo-de-manutencao-300x300.webp\" class=\"attachment-medium size-medium wp-image-2489 lazyload\" alt=\"adubo de manuten\u00e7\u00e3o para orqu\u00eddeas\" data-srcset=\"https:\/\/orquidariomv.com.br\/novo\/wp-content\/uploads\/2025\/11\/adubo-de-manutencao-300x300.webp 300w, https:\/\/orquidariomv.com.br\/novo\/wp-content\/uploads\/2025\/11\/adubo-de-manutencao-150x150.webp 150w, https:\/\/orquidariomv.com.br\/novo\/wp-content\/uploads\/2025\/11\/adubo-de-manutencao.webp 500w\" data-sizes=\"(max-width: 300px) 100vw, 300px\" src=\"data:image\/svg+xml;base64,PHN2ZyB3aWR0aD0iMSIgaGVpZ2h0PSIxIiB4bWxucz0iaHR0cDovL3d3dy53My5vcmcvMjAwMC9zdmciPjwvc3ZnPg==\" style=\"--smush-placeholder-width: 300px; --smush-placeholder-aspect-ratio: 300\/300;\" \/>\t\t\t\t\t\t\t\t\t\t\t\t\t\t\t<\/div>\n\t\t\t\t<\/div>\n\t\t\t\t\t<\/div>\n\t\t<\/div>\n\t\t\t\t\t<\/div>\n\t\t<\/section>\n\t\t\t\t<section class=\"elementor-section elementor-top-section elementor-element elementor-element-1497d3e elementor-section-boxed elementor-section-height-default elementor-section-height-default\" data-id=\"1497d3e\" data-element_type=\"section\" data-e-type=\"section\">\n\t\t\t\t\t\t<div class=\"elementor-container elementor-column-gap-default\">\n\t\t\t\t\t<div class=\"elementor-column elementor-col-100 elementor-top-column elementor-element elementor-element-1482b1c\" data-id=\"1482b1c\" data-element_type=\"column\" data-e-type=\"column\">\n\t\t\t<div class=\"elementor-widget-wrap elementor-element-populated\">\n\t\t\t\t\t\t<div class=\"elementor-element elementor-element-5794582 elementor-widget elementor-widget-heading\" data-id=\"5794582\" data-element_type=\"widget\" data-e-type=\"widget\" data-widget_type=\"heading.default\">\n\t\t\t\t<div class=\"elementor-widget-container\">\n\t\t\t\t\t<h2 class=\"elementor-heading-title elementor-size-default\">Cachep\u00f4s<\/h2>\t\t\t\t<\/div>\n\t\t\t\t<\/div>\n\t\t\t\t\t<\/div>\n\t\t<\/div>\n\t\t\t\t\t<\/div>\n\t\t<\/section>\n\t\t\t\t<section class=\"elementor-section elementor-top-section elementor-element elementor-element-f00d93e elementor-section-boxed elementor-section-height-default elementor-section-height-default\" data-id=\"f00d93e\" data-element_type=\"section\" data-e-type=\"section\" data-settings=\"{&quot;background_background&quot;:&quot;classic&quot;}\">\n\t\t\t\t\t\t<div class=\"elementor-container elementor-column-gap-default\">\n\t\t\t\t\t<div class=\"elementor-column elementor-col-33 elementor-top-column elementor-element elementor-element-6173e63\" data-id=\"6173e63\" data-element_type=\"column\" data-e-type=\"column\">\n\t\t\t<div class=\"elementor-widget-wrap elementor-element-populated\">\n\t\t\t\t\t\t<div class=\"elementor-element elementor-element-7cf5e75 elementor-widget elementor-widget-image\" data-id=\"7cf5e75\" data-element_type=\"widget\" data-e-type=\"widget\" data-widget_type=\"image.default\">\n\t\t\t\t<div class=\"elementor-widget-container\">\n\t\t\t\t\t\t\t\t\t\t\t\t\t\t\t<img decoding=\"async\" width=\"300\" height=\"300\" data-src=\"https:\/\/orquidariomv.com.br\/novo\/wp-content\/uploads\/2025\/11\/cachepo-1-300x300.webp\" class=\"attachment-medium size-medium wp-image-2493 lazyload\" alt=\"cachep\u00f4 para orqu\u00eddeas 1\" data-srcset=\"https:\/\/orquidariomv.com.br\/novo\/wp-content\/uploads\/2025\/11\/cachepo-1-300x300.webp 300w, https:\/\/orquidariomv.com.br\/novo\/wp-content\/uploads\/2025\/11\/cachepo-1-150x150.webp 150w, https:\/\/orquidariomv.com.br\/novo\/wp-content\/uploads\/2025\/11\/cachepo-1.webp 500w\" data-sizes=\"(max-width: 300px) 100vw, 300px\" src=\"data:image\/svg+xml;base64,PHN2ZyB3aWR0aD0iMSIgaGVpZ2h0PSIxIiB4bWxucz0iaHR0cDovL3d3dy53My5vcmcvMjAwMC9zdmciPjwvc3ZnPg==\" style=\"--smush-placeholder-width: 300px; --smush-placeholder-aspect-ratio: 300\/300;\" \/>\t\t\t\t\t\t\t\t\t\t\t\t\t\t\t<\/div>\n\t\t\t\t<\/div>\n\t\t\t\t\t<\/div>\n\t\t<\/div>\n\t\t\t\t<div class=\"elementor-column elementor-col-33 elementor-top-column elementor-element elementor-element-799b2dc\" data-id=\"799b2dc\" data-element_type=\"column\" data-e-type=\"column\">\n\t\t\t<div class=\"elementor-widget-wrap elementor-element-populated\">\n\t\t\t\t\t\t<div class=\"elementor-element elementor-element-2fe9955 elementor-widget elementor-widget-image\" data-id=\"2fe9955\" data-element_type=\"widget\" data-e-type=\"widget\" data-widget_type=\"image.default\">\n\t\t\t\t<div class=\"elementor-widget-container\">\n\t\t\t\t\t\t\t\t\t\t\t\t\t\t\t<img decoding=\"async\" width=\"300\" height=\"300\" data-src=\"https:\/\/orquidariomv.com.br\/novo\/wp-content\/uploads\/2025\/11\/cachepo-2-300x300.webp\" class=\"attachment-medium size-medium wp-image-2494 lazyload\" alt=\"cachep\u00f4 para orqu\u00eddeas 2\" data-srcset=\"https:\/\/orquidariomv.com.br\/novo\/wp-content\/uploads\/2025\/11\/cachepo-2-300x300.webp 300w, https:\/\/orquidariomv.com.br\/novo\/wp-content\/uploads\/2025\/11\/cachepo-2-150x150.webp 150w, https:\/\/orquidariomv.com.br\/novo\/wp-content\/uploads\/2025\/11\/cachepo-2.webp 500w\" data-sizes=\"(max-width: 300px) 100vw, 300px\" src=\"data:image\/svg+xml;base64,PHN2ZyB3aWR0aD0iMSIgaGVpZ2h0PSIxIiB4bWxucz0iaHR0cDovL3d3dy53My5vcmcvMjAwMC9zdmciPjwvc3ZnPg==\" style=\"--smush-placeholder-width: 300px; --smush-placeholder-aspect-ratio: 300\/300;\" \/>\t\t\t\t\t\t\t\t\t\t\t\t\t\t\t<\/div>\n\t\t\t\t<\/div>\n\t\t\t\t\t<\/div>\n\t\t<\/div>\n\t\t\t\t<div class=\"elementor-column elementor-col-33 elementor-top-column elementor-element elementor-element-fcce53d\" data-id=\"fcce53d\" data-element_type=\"column\" data-e-type=\"column\">\n\t\t\t<div class=\"elementor-widget-wrap elementor-element-populated\">\n\t\t\t\t\t\t<div class=\"elementor-element elementor-element-0f998bf elementor-widget elementor-widget-image\" data-id=\"0f998bf\" data-element_type=\"widget\" data-e-type=\"widget\" data-widget_type=\"image.default\">\n\t\t\t\t<div class=\"elementor-widget-container\">\n\t\t\t\t\t\t\t\t\t\t\t\t\t\t\t<img decoding=\"async\" width=\"300\" height=\"300\" data-src=\"https:\/\/orquidariomv.com.br\/novo\/wp-content\/uploads\/2025\/11\/cachepo-3-300x300.webp\" class=\"attachment-medium size-medium wp-image-2495 lazyload\" alt=\"cachep\u00f4 para orqu\u00eddeas 3\" data-srcset=\"https:\/\/orquidariomv.com.br\/novo\/wp-content\/uploads\/2025\/11\/cachepo-3-300x300.webp 300w, https:\/\/orquidariomv.com.br\/novo\/wp-content\/uploads\/2025\/11\/cachepo-3-150x150.webp 150w, https:\/\/orquidariomv.com.br\/novo\/wp-content\/uploads\/2025\/11\/cachepo-3.webp 500w\" data-sizes=\"(max-width: 300px) 100vw, 300px\" src=\"data:image\/svg+xml;base64,PHN2ZyB3aWR0aD0iMSIgaGVpZ2h0PSIxIiB4bWxucz0iaHR0cDovL3d3dy53My5vcmcvMjAwMC9zdmciPjwvc3ZnPg==\" style=\"--smush-placeholder-width: 300px; --smush-placeholder-aspect-ratio: 300\/300;\" \/>\t\t\t\t\t\t\t\t\t\t\t\t\t\t\t<\/div>\n\t\t\t\t<\/div>\n\t\t\t\t\t<\/div>\n\t\t<\/div>\n\t\t\t\t\t<\/div>\n\t\t<\/section>\n\t\t\t\t<section class=\"elementor-section elementor-top-section elementor-element elementor-element-6dccdf2 elementor-section-boxed elementor-section-height-default elementor-section-height-default\" data-id=\"6dccdf2\" data-element_type=\"section\" data-e-type=\"section\" data-settings=\"{&quot;background_background&quot;:&quot;classic&quot;}\">\n\t\t\t\t\t\t<div class=\"elementor-container elementor-column-gap-default\">\n\t\t\t\t\t<div class=\"elementor-column elementor-col-50 elementor-top-column elementor-element elementor-element-93583ef\" data-id=\"93583ef\" data-element_type=\"column\" data-e-type=\"column\">\n\t\t\t<div class=\"elementor-widget-wrap elementor-element-populated\">\n\t\t\t\t\t\t<div class=\"elementor-element elementor-element-d42fabe elementor-widget elementor-widget-image\" data-id=\"d42fabe\" data-element_type=\"widget\" data-e-type=\"widget\" data-widget_type=\"image.default\">\n\t\t\t\t<div class=\"elementor-widget-container\">\n\t\t\t\t\t\t\t\t\t\t\t\t\t\t\t<img decoding=\"async\" width=\"300\" height=\"300\" data-src=\"https:\/\/orquidariomv.com.br\/novo\/wp-content\/uploads\/2025\/11\/cachepo-4-300x300.webp\" class=\"attachment-medium size-medium wp-image-2496 lazyload\" alt=\"cachep\u00f4 para orqu\u00eddeas 4\" data-srcset=\"https:\/\/orquidariomv.com.br\/novo\/wp-content\/uploads\/2025\/11\/cachepo-4-300x300.webp 300w, https:\/\/orquidariomv.com.br\/novo\/wp-content\/uploads\/2025\/11\/cachepo-4-150x150.webp 150w, https:\/\/orquidariomv.com.br\/novo\/wp-content\/uploads\/2025\/11\/cachepo-4.webp 500w\" data-sizes=\"(max-width: 300px) 100vw, 300px\" src=\"data:image\/svg+xml;base64,PHN2ZyB3aWR0aD0iMSIgaGVpZ2h0PSIxIiB4bWxucz0iaHR0cDovL3d3dy53My5vcmcvMjAwMC9zdmciPjwvc3ZnPg==\" style=\"--smush-placeholder-width: 300px; --smush-placeholder-aspect-ratio: 300\/300;\" \/>\t\t\t\t\t\t\t\t\t\t\t\t\t\t\t<\/div>\n\t\t\t\t<\/div>\n\t\t\t\t\t<\/div>\n\t\t<\/div>\n\t\t\t\t<div class=\"elementor-column elementor-col-50 elementor-top-column elementor-element elementor-element-b241eaa\" data-id=\"b241eaa\" data-element_type=\"column\" data-e-type=\"column\">\n\t\t\t<div class=\"elementor-widget-wrap elementor-element-populated\">\n\t\t\t\t\t\t<div class=\"elementor-element elementor-element-7035ab3 elementor-widget elementor-widget-image\" data-id=\"7035ab3\" data-element_type=\"widget\" data-e-type=\"widget\" data-widget_type=\"image.default\">\n\t\t\t\t<div class=\"elementor-widget-container\">\n\t\t\t\t\t\t\t\t\t\t\t\t\t\t\t<img decoding=\"async\" width=\"300\" height=\"300\" data-src=\"https:\/\/orquidariomv.com.br\/novo\/wp-content\/uploads\/2025\/11\/cachepo-5-300x300.webp\" class=\"attachment-medium size-medium wp-image-2497 lazyload\" alt=\"cachep\u00f4 para orqu\u00eddeas 5\" data-srcset=\"https:\/\/orquidariomv.com.br\/novo\/wp-content\/uploads\/2025\/11\/cachepo-5-300x300.webp 300w, https:\/\/orquidariomv.com.br\/novo\/wp-content\/uploads\/2025\/11\/cachepo-5-150x150.webp 150w, https:\/\/orquidariomv.com.br\/novo\/wp-content\/uploads\/2025\/11\/cachepo-5.webp 500w\" data-sizes=\"(max-width: 300px) 100vw, 300px\" src=\"data:image\/svg+xml;base64,PHN2ZyB3aWR0aD0iMSIgaGVpZ2h0PSIxIiB4bWxucz0iaHR0cDovL3d3dy53My5vcmcvMjAwMC9zdmciPjwvc3ZnPg==\" style=\"--smush-placeholder-width: 300px; --smush-placeholder-aspect-ratio: 300\/300;\" \/>\t\t\t\t\t\t\t\t\t\t\t\t\t\t\t<\/div>\n\t\t\t\t<\/div>\n\t\t\t\t\t<\/div>\n\t\t<\/div>\n\t\t\t\t\t<\/div>\n\t\t<\/section>\n\t\t\t\t<section class=\"elementor-section elementor-top-section elementor-element elementor-element-d07a203 elementor-section-boxed elementor-section-height-default elementor-section-height-default\" data-id=\"d07a203\" data-element_type=\"section\" data-e-type=\"section\">\n\t\t\t\t\t\t<div class=\"elementor-container elementor-column-gap-default\">\n\t\t\t\t\t<div class=\"elementor-column elementor-col-100 elementor-top-column elementor-element elementor-element-b732fbc\" data-id=\"b732fbc\" data-element_type=\"column\" data-e-type=\"column\">\n\t\t\t<div class=\"elementor-widget-wrap elementor-element-populated\">\n\t\t\t\t\t\t<div class=\"elementor-element elementor-element-c772f8a elementor-widget elementor-widget-heading\" data-id=\"c772f8a\" data-element_type=\"widget\" data-e-type=\"widget\" data-widget_type=\"heading.default\">\n\t\t\t\t<div class=\"elementor-widget-container\">\n\t\t\t\t\t<h2 class=\"elementor-heading-title elementor-size-default\">Substratos<\/h2>\t\t\t\t<\/div>\n\t\t\t\t<\/div>\n\t\t\t\t\t<\/div>\n\t\t<\/div>\n\t\t\t\t\t<\/div>\n\t\t<\/section>\n\t\t\t\t<section class=\"elementor-section elementor-top-section elementor-element elementor-element-50ea884 elementor-section-boxed elementor-section-height-default elementor-section-height-default\" data-id=\"50ea884\" data-element_type=\"section\" data-e-type=\"section\" data-settings=\"{&quot;background_background&quot;:&quot;classic&quot;}\">\n\t\t\t\t\t\t<div class=\"elementor-container elementor-column-gap-default\">\n\t\t\t\t\t<div class=\"elementor-column elementor-col-50 elementor-top-column elementor-element elementor-element-4a2ac83\" data-id=\"4a2ac83\" data-element_type=\"column\" data-e-type=\"column\">\n\t\t\t<div class=\"elementor-widget-wrap elementor-element-populated\">\n\t\t\t\t\t\t<div class=\"elementor-element elementor-element-af4180f elementor-widget elementor-widget-heading\" data-id=\"af4180f\" data-element_type=\"widget\" data-e-type=\"widget\" data-widget_type=\"heading.default\">\n\t\t\t\t<div class=\"elementor-widget-container\">\n\t\t\t\t\t<h3 class=\"elementor-heading-title elementor-size-default\">Substrato para orqu\u00eddeas<\/h3>\t\t\t\t<\/div>\n\t\t\t\t<\/div>\n\t\t\t\t<div class=\"elementor-element elementor-element-4cbe59a elementor-widget elementor-widget-image\" data-id=\"4cbe59a\" data-element_type=\"widget\" data-e-type=\"widget\" data-widget_type=\"image.default\">\n\t\t\t\t<div class=\"elementor-widget-container\">\n\t\t\t\t\t\t\t\t\t\t\t\t\t\t\t<img decoding=\"async\" width=\"300\" height=\"300\" data-src=\"https:\/\/orquidariomv.com.br\/novo\/wp-content\/uploads\/2025\/11\/substratos-de-orquidea-300x300.webp\" class=\"attachment-medium size-medium wp-image-2501 lazyload\" alt=\"substratos de orqu\u00eddea\" data-srcset=\"https:\/\/orquidariomv.com.br\/novo\/wp-content\/uploads\/2025\/11\/substratos-de-orquidea-300x300.webp 300w, https:\/\/orquidariomv.com.br\/novo\/wp-content\/uploads\/2025\/11\/substratos-de-orquidea-150x150.webp 150w, https:\/\/orquidariomv.com.br\/novo\/wp-content\/uploads\/2025\/11\/substratos-de-orquidea.webp 500w\" data-sizes=\"(max-width: 300px) 100vw, 300px\" src=\"data:image\/svg+xml;base64,PHN2ZyB3aWR0aD0iMSIgaGVpZ2h0PSIxIiB4bWxucz0iaHR0cDovL3d3dy53My5vcmcvMjAwMC9zdmciPjwvc3ZnPg==\" style=\"--smush-placeholder-width: 300px; --smush-placeholder-aspect-ratio: 300\/300;\" \/>\t\t\t\t\t\t\t\t\t\t\t\t\t\t\t<\/div>\n\t\t\t\t<\/div>\n\t\t\t\t\t<\/div>\n\t\t<\/div>\n\t\t\t\t<div class=\"elementor-column elementor-col-50 elementor-top-column elementor-element elementor-element-43d6800\" data-id=\"43d6800\" data-element_type=\"column\" data-e-type=\"column\">\n\t\t\t<div class=\"elementor-widget-wrap elementor-element-populated\">\n\t\t\t\t\t\t<div class=\"elementor-element elementor-element-c3028a6 elementor-widget elementor-widget-heading\" data-id=\"c3028a6\" data-element_type=\"widget\" data-e-type=\"widget\" data-widget_type=\"heading.default\">\n\t\t\t\t<div class=\"elementor-widget-container\">\n\t\t\t\t\t<h3 class=\"elementor-heading-title elementor-size-default\">Substrato para plantas carn\u00edvoras<\/h3>\t\t\t\t<\/div>\n\t\t\t\t<\/div>\n\t\t\t\t<div class=\"elementor-element elementor-element-e6944bb elementor-widget elementor-widget-image\" data-id=\"e6944bb\" data-element_type=\"widget\" data-e-type=\"widget\" data-widget_type=\"image.default\">\n\t\t\t\t<div class=\"elementor-widget-container\">\n\t\t\t\t\t\t\t\t\t\t\t\t\t\t\t<img decoding=\"async\" width=\"300\" height=\"300\" data-src=\"https:\/\/orquidariomv.com.br\/novo\/wp-content\/uploads\/2025\/11\/substratos-de-carnivoras-300x300.webp\" class=\"attachment-medium size-medium wp-image-2502 lazyload\" alt=\"substratos de carn\u00edvoras\" data-srcset=\"https:\/\/orquidariomv.com.br\/novo\/wp-content\/uploads\/2025\/11\/substratos-de-carnivoras-300x300.webp 300w, https:\/\/orquidariomv.com.br\/novo\/wp-content\/uploads\/2025\/11\/substratos-de-carnivoras-150x150.webp 150w, https:\/\/orquidariomv.com.br\/novo\/wp-content\/uploads\/2025\/11\/substratos-de-carnivoras.webp 500w\" data-sizes=\"(max-width: 300px) 100vw, 300px\" src=\"data:image\/svg+xml;base64,PHN2ZyB3aWR0aD0iMSIgaGVpZ2h0PSIxIiB4bWxucz0iaHR0cDovL3d3dy53My5vcmcvMjAwMC9zdmciPjwvc3ZnPg==\" style=\"--smush-placeholder-width: 300px; --smush-placeholder-aspect-ratio: 300\/300;\" \/>\t\t\t\t\t\t\t\t\t\t\t\t\t\t\t<\/div>\n\t\t\t\t<\/div>\n\t\t\t\t\t<\/div>\n\t\t<\/div>\n\t\t\t\t\t<\/div>\n\t\t<\/section>\n\t\t\t\t<\/div>\n\t\t","protected":false},"excerpt":{"rendered":"<p>Temos acess\u00f3rios, adubos, substratos, etc., para facilitar o plantio e manuten\u00e7\u00e3o de suas plantas. Adubos Adubo de flora\u00e7\u00e3o Adubo de manuten\u00e7\u00e3o Cachep\u00f4s Substratos Substrato para orqu\u00eddeas Substrato para plantas carn\u00edvoras<\/p>\n","protected":false},"author":1,"featured_media":0,"parent":0,"menu_order":0,"comment_status":"closed","ping_status":"closed","template":"page-templates\/template-pagebuilder-full-width.php","meta":{"neve_meta_sidebar":"","neve_meta_container":"","neve_meta_enable_content_width":"","neve_meta_content_width":0,"neve_meta_title_alignment":"","neve_meta_author_avatar":"","neve_post_elements_order":"","neve_meta_disable_header":"","neve_meta_disable_footer":"","neve_meta_disable_title":"","footnotes":""},"class_list":["post-1638","page","type-page","status-publish","hentry"],"_links":{"self":[{"href":"https:\/\/orquidariomv.com.br\/novo\/wp-json\/wp\/v2\/pages\/1638","targetHints":{"allow":["GET"]}}],"collection":[{"href":"https:\/\/orquidariomv.com.br\/novo\/wp-json\/wp\/v2\/pages"}],"about":[{"href":"https:\/\/orquidariomv.com.br\/novo\/wp-json\/wp\/v2\/types\/page"}],"author":[{"embeddable":true,"href":"https:\/\/orquidariomv.com.br\/novo\/wp-json\/wp\/v2\/users\/1"}],"replies":[{"embeddable":true,"href":"https:\/\/orquidariomv.com.br\/novo\/wp-json\/wp\/v2\/comments?post=1638"}],"version-history":[{"count":85,"href":"https:\/\/orquidariomv.com.br\/novo\/wp-json\/wp\/v2\/pages\/1638\/revisions"}],"predecessor-version":[{"id":2514,"href":"https:\/\/orquidariomv.com.br\/novo\/wp-json\/wp\/v2\/pages\/1638\/revisions\/2514"}],"wp:attachment":[{"href":"https:\/\/orquidariomv.com.br\/novo\/wp-json\/wp\/v2\/media?parent=1638"}],"curies":[{"name":"wp","href":"https:\/\/api.w.org\/{rel}","templated":true}]}}